{"id":9927,"date":"2025-02-17T13:11:34","date_gmt":"2025-02-17T06:11:34","guid":{"rendered":"https:\/\/tuoitudong.vn\/?post_type=product&#038;p=9927"},"modified":"2025-02-18T09:14:20","modified_gmt":"2025-02-18T02:14:20","slug":"hop-da-nang-multi-purpose","status":"publish","type":"product","link":"https:\/\/tuoitudong.vn\/en\/product\/tuoi-canh-quan\/hop-da-nang-multi-purpose\/","title":{"rendered":"H\u1ed9p \u0111a n\u0103ng MULTI-PURPOSE"},"content":{"rendered":"<h2>H\u1ed9p \u0111a n\u0103ng MULTI-PURPOSE<\/h2>\n<p>H\u1ed9p Multi-Purpose c\u1ee9ng c\u00e1p, c\u00f3 k\u00edch th\u01b0\u1edbc ph\u00f9 h\u1ee3p \u0111\u1ec3 b\u1ea3o v\u1ec7 v\u00e0 d\u1ec5 d\u00e0ng k\u1ebft n\u1ed1i v\u1edbi c\u00e1c thi\u1ebft b\u1ecb t\u01b0\u1edbi.<br \/>\n<strong>&#8211; \u0110\u1eb7c t\u00ednh n\u1ed5i b\u1eadt:<\/strong><br \/>\n\u2022 G\u00f3i g\u1ecdn trong 1 chi\u1ebfc h\u1ed9p b\u1ec1n v\u00e0 c\u1ee9ng c\u00e1p<br \/>\n\u2022 5 l\u1ef1a ch\u1ecdn m\u00e0u s\u1eafc, ph\u00f9 h\u1ee3p trong nhi\u1ec1u tr\u01b0\u1eddng h\u1ee3p<br \/>\n\u2022 N\u1eafp ch\u1ed3ng l\u00ean nhau ng\u0103n b\u1ee5i b\u1ea9n x\u00e2m nh\u1eadp v\u00e0o h\u1ed9p<br \/>\n\u2022 L\u1ed7 bu l\u00f4ng c\u00f3 th\u1ec3 th\u00e1o r\u1eddi<br \/>\n\u2022 N\u1eafp ch\u1ed1ng tr\u01b0\u1ee3t, ch\u1ed1ng tia UV<\/p>\n<p><strong>Th\u1eddi gian b\u1ea3o h\u00e0nh: 2 n\u0103m<\/strong><\/p>\n","protected":false},"excerpt":{"rendered":"<p>\u2022 K\u1ebft c\u1ea5u HDPE b\u1ec1n<br \/>\u2022 Bu l\u00f4ng 3\/8\u201d \u0111i k\u00e8m m\u1ed7i h\u1ed9p<\/p>\n","protected":false},"featured_media":9938,"template":"","meta":[],"_links":{"self":[{"href":"https:\/\/tuoitudong.vn\/en\/wp-json\/wp\/v2\/product\/9927\/"}],"collection":[{"href":"https:\/\/tuoitudong.vn\/en\/wp-json\/wp\/v2\/product\/"}],"about":[{"href":"https:\/\/tuoitudong.vn\/en\/wp-json\/wp\/v2\/types\/product\/"}],"wp:featuredmedia":[{"embeddable":true,"href":"https:\/\/tuoitudong.vn\/en\/wp-json\/wp\/v2\/media\/9938\/"}],"wp:attachment":[{"href":"https:\/\/tuoitudong.vn\/en\/wp-json\/wp\/v2\/media\/?parent=9927"}],"curies":[{"name":"wp","href":"https:\/\/api.w.org\/{rel}","templated":true}]}}