{"id":5851,"date":"2016-10-09T14:45:46","date_gmt":"2016-10-09T07:45:46","guid":{"rendered":"https:\/\/tuoitudong.vn\/san-pham\/ch\u01b0a ph\u00e2n lo\u1ea1i\/bo-giai-ma-two-wire\/"},"modified":"2016-10-09T14:45:46","modified_gmt":"2016-10-09T07:45:46","slug":"bo-giai-ma-two-wire","status":"publish","type":"product","link":"https:\/\/tuoitudong.vn\/en\/product\/tuoi-san-golf\/trung-tam-dieu-khien\/bo-giai-ma-two-wire\/","title":{"rendered":"B\u1ed9 gi\u1ea3i m\u00e3 two-wire"},"content":{"rendered":"<h3><strong>H\u1ec7 th\u1ed1ng gi\u1ea3i m\u00e3 two-wire<\/strong><\/h3>\n<p style=\"text-align: justify;\">Vi\u1ec7c l\u1eafp \u0111\u1eb7t h\u1ec7 th\u1ed1ng gi\u1ea3i m\u00e3 ti\u1ebfp t\u1ee5c tr\u1edf th\u00e0nh m\u1ed9t trong nh\u1eefng k\u1ef9 thu\u1eadt \u0111i\u1ec1u khi\u1ec3n h\u1ec7 th\u1ed1ng t\u01b0\u1edbi c\u00f3 th\u1ec3 l\u1eafp \u0111\u1eb7t nhanh nh\u1ea5t. Ch\u00eca kh\u00f3a c\u1ee7a v\u1ea5n \u0111\u1ec1 l\u00e0 h\u1ec7 th\u1ed1ng n\u00e0y d\u00f9ng \u00edt d\u00e2y t\u00edn hi\u1ec7u h\u01a1n h\u1ec7 th\u1ed1ng d\u1ea1ng Block truy\u1ec1n th\u1ed1ng. \u0110i\u1ec1u \u0111\u00f3 c\u00f3 ngh\u0129a chi ph\u00ed th\u1ea5p h\u01a1n, l\u1eafp \u0111\u1eb7t nhanh h\u01a1n, c\u00e1c b\u01b0\u1edbc d\u00f2 t\u00ecm s\u1ef1 c\u1ed1 \u0111\u01a1n gi\u1ea3n h\u01a1n v\u00e0 s\u1eeda ch\u1eefa d\u1ec5 d\u00e0ng h\u01a1n. H\u1ec7 th\u1ed1ng c\u00f3 th\u1ec3 d\u1ec5 d\u00e0ng m\u1edf r\u1ed9ng m\u00e0 v\u1eabn h\u1ea1n ch\u1ebf t\u1ed1i \u0111a t\u00ecnh tr\u1ea1ng \u0111\u00e0o \u0111\u1ea5t v\u00e0 ph\u00e1 v\u1ee1 c\u1ea3nh quan v\u00ec s\u1eed d\u1ee5ng d\u00e2y t\u00edn hi\u1ec7u \u00edt h\u01a1n b\u00ecnh th\u01b0\u1eddng.<\/p>\n<p style=\"text-align: justify;\">B\u1ed9 gi\u1ea3i m\u00e3 d\u00f2ng D c\u00f3 c\u00e1c model 1, 2, 3, 4, v\u00e0 6 ng\u00f5 ra van, gi\u00fap \u0111\u01b0a t\u00edn hi\u1ec7u \u0111i\u1ec1u khi\u1ec3n \u0111\u1ebfn m\u1ed9t lo\u1ea1t \u0111\u1ea7u t\u01b0\u1edbi m\u00e0 v\u1eabn gi\u1eef nguy\u00ean m\u1ed9t m\u1ea3ng c\u1ecf xanh li\u00ean t\u1ee5c ch\u1ec9 v\u1edbi m\u1ed9t b\u1ed9 gi\u1ea3i m\u00e3. Tr\u00ean h\u1ebft, c\u00e1c b\u1ed9 gi\u1ea3i m\u00e3 c\u00f3 th\u1ec3 v\u1eadn h\u00e0nh s\u1ed1 l\u01b0\u1ee3ng l\u00ean \u0111\u1ebfn 99 k\u00eanh t\u01b0\u1edbi v\u1edbi kho\u1ea3ng c\u00e1ch 4.5km t\u1eeb m\u1ed9t b\u1ed9 \u0111i\u1ec1u khi\u1ec3n. B\u1ea1n c\u0169ng c\u00f3 th\u1ec3 l\u1eafp \u0111\u1eb7t k\u1ebft h\u1ee3p h\u1ec7 th\u1ed1ng gi\u1ea3i m\u00e3 Two-wire v\u00e0 h\u1ec7 th\u1ed1ng Block truy\u1ec1n th\u1ed1ng trong c\u00e1c m\u1ee5c \u0111\u00edch l\u1eafp \u0111\u1eb7t th\u00eam khu v\u1ef1c t\u01b0\u1edbi.<\/p>\n<p><strong>T\u00ednh n\u0103ng<\/strong><\/p>\n<p style=\"text-align: justify;\">T\u00edch h\u1ee3p s\u1eb5n ch\u1ee9c n\u0103ng ch\u1ed1ng s\u1ed1c \u0111i\u1ec7n \u00e1p<br \/>\n\u0110i\u1ec1u khi\u1ec3n c\u00e1c k\u00eanh t\u01b0\u1edbi \u0111\u1ed9c l\u1eadp<br \/>\nC\u00e1c b\u1ed9 gi\u1ea3i m\u00e3 1 k\u00eanh c\u00f3 th\u1ec3 d\u00f9ng cho c\u00e1c \u0111\u1ea7u t\u01b0\u1edbi rotor DIH, l\u1eafp ngay trong \u0111\u1ea7u t\u01b0\u1edbi, c\u00f3 t\u00edch h\u1ee3p ch\u1ee9c n\u0103ng ch\u1ed1ng s\u00e9t<br \/>\n\u0110\u1eb7t \u0111\u1ecba ch\u1ec9 cho c\u00e1c b\u1ed9 gi\u1ea3i m\u00e3 t\u1ea1i b\u1ed9 \u0111i\u1ec1u khi\u1ec3n, ho\u1eb7c ngay t\u1ea1i khu v\u1ef1c t\u01b0\u1edbi v\u1edbi b\u1ed9 l\u1eadp tr\u00ecnh c\u1ea7m tay<br \/>\nC\u01a1 ch\u1ebf ph\u1ea3n h\u1ed3i hai chi\u1ec1u \u0111\u1ed1i v\u1edbi c\u00e1c ch\u1ec9 th\u1ecb k\u00edch ho\u1ea1t t\u1eeb b\u1ed9 \u0111i\u1ec1u khi\u1ec3n<br \/>\nDung l\u01b0\u1ee3ng b\u1ed9 \u0111i\u1ec1u khi\u1ec3n: 99 b\u1ed9 gi\u1ea3i m\u00e3 (c\u00f4ng su\u1ea5t: 2 VIH cho 1 b\u1ed9), n\u00e2ng t\u1ed5ng s\u1ed1 l\u00ean 198 \u0111\u1ea7u t\u01b0\u1edbi cho m\u1ed7i b\u1ed9 \u0111i\u1ec1u khi\u1ec3n.<\/p>\n<p><strong>Th\u1eddi gian b\u1ea3o h\u00e0nh: 3 n\u0103m<\/strong><\/p>\n","protected":false},"excerpt":{"rendered":"<p>Gi\u1ea3i m\u00e3 s\u1ed1 k\u00eanh: 1, 2, 4, 6<br \/>\nC\u00f4ng ngh\u1ec7 t\u01b0\u1edbi: Decoder system<\/p>\n","protected":false},"featured_media":3882,"template":"","meta":[],"_links":{"self":[{"href":"https:\/\/tuoitudong.vn\/en\/wp-json\/wp\/v2\/product\/5851\/"}],"collection":[{"href":"https:\/\/tuoitudong.vn\/en\/wp-json\/wp\/v2\/product\/"}],"about":[{"href":"https:\/\/tuoitudong.vn\/en\/wp-json\/wp\/v2\/types\/product\/"}],"wp:featuredmedia":[{"embeddable":true,"href":"https:\/\/tuoitudong.vn\/en\/wp-json\/wp\/v2\/media\/3882\/"}],"wp:attachment":[{"href":"https:\/\/tuoitudong.vn\/en\/wp-json\/wp\/v2\/media\/?parent=5851"}],"curies":[{"name":"wp","href":"https:\/\/api.w.org\/{rel}","templated":true}]}}