{"id":5801,"date":"2016-10-09T10:28:01","date_gmt":"2016-10-09T03:28:01","guid":{"rendered":"https:\/\/tuoitudong.vn\/san-pham\/ch\u01b0a%20ph\u00e2n%20lo\u1ea1i\/dau-tuoi-rotor-g885\/"},"modified":"2024-02-27T16:01:31","modified_gmt":"2024-02-27T09:01:31","slug":"dau-tuoi-rotor-g885","status":"publish","type":"product","link":"https:\/\/tuoitudong.vn\/en\/product\/tuoi-san-golf\/dau-tuoi-rotors\/dau-tuoi-rotor-g885\/","title":{"rendered":"G885"},"content":{"rendered":"<h3><strong>\u0110\u1ea7u t\u01b0\u1edbi Rotor G885<\/strong><\/h3>\n<p style=\"text-align: justify;\">S\u1ef1 k\u1ebft h\u1ee3p ho\u00e0n h\u1ea3o gi\u1eefa s\u1ee9c m\u1ea1nh, hi\u1ec7u su\u1ea5t, v\u00e0 kh\u1ea3 n\u0103ng b\u1ea3o tr\u00ec<\/p>\n<p style=\"text-align: justify;\">T\u1ef1 h\u00e0o l\u00e0 s\u1ea3n ph\u1ea9m m\u1ea1nh nh\u1ea5t trong trong t\u1ea5t c\u1ea3 d\u00f2ng rotor tr\u00ean th\u1ecb tr\u01b0\u1eddng, b\u1ed9 b\u00e1nh r\u0103ng c\u1ee7a \u0111\u1ea7u t\u01b0\u1edbi Rotor G885 s\u1ebd th\u1ed5i bay m\u1ecdi th\u1ee9 l\u1ecdt qua n\u00f3. H\u00e3y th\u1eed v\u00e0 c\u1ea3m nh\u1eadn. Ch\u1ec9 v\u1edbi m\u1ed9t \u0111\u1ed9ng t\u00e1c xoay ph\u1ea7n d\u0129a b\u1eb1ng tay, b\u1ea1n c\u00f3 th\u1ec3 c\u1ea3m nh\u1eadn r\u00f5 r\u00e0ng s\u1ef1 b\u1ec1n b\u1ec9 \u0111\u1ebfn kh\u00f4ng ng\u1edd c\u1ee7a \u0111\u1ea7u phun n\u00e0y. V\u1edbi ph\u1ea7n l\u00f5i m\u1ea1nh m\u1ebd, c\u00e1c b\u00e9c phun hi\u1ec7u su\u1ea5t cao, \u0111\u1ea7y \u0111\u1ee7 phi\u00ean b\u1ea3n quay 360\u00b0 v\u00e0 nh\u1ecf h\u01a1n 360\u00b0, s\u1ea3n ph\u1ea9m m\u1edbi \u0111\u1ea7u t\u01b0\u1edbi Rotor G885 lu\u00f4n x\u1ee9ng \u0111\u00e1ng v\u1edbi nh\u1eefng g\u00ec b\u1ea1n mong \u0111\u1ee3i.<\/p>\n<p style=\"text-align: justify;\">S\u1eed d\u1ee5ng c\u1ea5u tr\u00fac TTS v\u00e0 DIH ti\u1ec7n l\u1ee3i, \u0111\u1ea7u t\u01b0\u1edbi Rotor G885 kh\u00f4ng ch\u1ec9 \u0111em l\u1ea1i cho b\u1ea1n s\u1ef1 l\u1ef1a ch\u1ecdn v\u1ec1 s\u1ee9c m\u1ea1nh, m\u00e0 c\u00f2n v\u1ec1 s\u1ef1 th\u00f4ng minh. N\u00f3 x\u1ee9ng \u0111\u00e1ng l\u00e0 \u0111\u1ea7u t\u01b0\u1edbi Rotor th\u1ebf h\u1ec7 m\u1edbi chuy\u00ean d\u1ee5ng d\u00e0nh cho s\u00e2n golf, l\u00e0 m\u1ed9t s\u1ef1 l\u1ef1a ch\u1ecdn ho\u00e0n h\u1ea3o trong vi\u1ec7c th\u1ef1c hi\u1ec7n c\u00f4ng tr\u00ecnh m\u1edbi, l\u1eafp \u0111\u1eb7t th\u00eam, ho\u1eb7c trong c\u00e1c t\u00ecnh hu\u1ed1ng c\u1ea7n n\u00e2ng c\u1ea5p h\u1ec7 th\u1ed1ng.<\/p>\n<p><strong>Th\u00f4ng s\u1ed1 k\u1ef9 thu\u1eadt<\/strong><\/p>\n<p>B\u00e1n k\u00ednh t\u01b0\u1edbi: 13.1 \u0111\u1ebfn 27.7m<br \/>\nG\u00f3c quay: Full circle(360\u00b0)\/ part cirle (\u0111i\u1ec1u ch\u1ec9nh 60\u00b0 &#8211;&nbsp;360\u00b0)<br \/>\nL\u01b0u l\u01b0\u1ee3ng: 1.86 \u0111\u1ebfn 13.06 m3\/gi\u1edd; 31.0 \u0111\u1ebfn 217.7 l\u00edt\/ ph\u00fat<br \/>\nD\u1ea3i \u00e1p su\u1ea5t ho\u1ea1t \u0111\u1ed9ng: 3.4 \u0111\u1ebfn 6.9 bars; 344 \u0111\u1ebfn 689 kPa<br \/>\nL\u01b0\u1ee3ng n\u01b0\u1edbc t\u01b0\u1edbi: T\u1eeb 10.8 \u0111\u1ebfn 17.3 l\u00edt\/m2 \/gi\u1edd<\/p>\n<p><strong>Th\u1eddi gian b\u1ea3o h\u00e0nh: 3 n\u0103m<\/strong><\/p>\n","protected":false},"excerpt":{"rendered":"<p>Radius: 13.1 to 27.7 m Discharge Rate: 1.86 to 13.06 m3\/hr<\/p>\n","protected":false},"featured_media":3849,"template":"","meta":[],"_links":{"self":[{"href":"https:\/\/tuoitudong.vn\/en\/wp-json\/wp\/v2\/product\/5801\/"}],"collection":[{"href":"https:\/\/tuoitudong.vn\/en\/wp-json\/wp\/v2\/product\/"}],"about":[{"href":"https:\/\/tuoitudong.vn\/en\/wp-json\/wp\/v2\/types\/product\/"}],"wp:featuredmedia":[{"embeddable":true,"href":"https:\/\/tuoitudong.vn\/en\/wp-json\/wp\/v2\/media\/3849\/"}],"wp:attachment":[{"href":"https:\/\/tuoitudong.vn\/en\/wp-json\/wp\/v2\/media\/?parent=5801"}],"curies":[{"name":"wp","href":"https:\/\/api.w.org\/{rel}","templated":true}]}}