{"id":5665,"date":"2016-09-25T11:15:59","date_gmt":"2016-09-25T04:15:59","guid":{"rendered":"https:\/\/tuoitudong.vn\/san-pham\/ch\u01b0a%20ph\u00e2n%20lo\u1ea1i\/van-lay-nuoc-nhanh-qcv\/"},"modified":"2024-02-27T13:12:56","modified_gmt":"2024-02-27T06:12:56","slug":"qcv-valve","status":"publish","type":"product","link":"https:\/\/tuoitudong.vn\/en\/product\/tuoi-canh-quan\/van-dien-tu-hunter\/qcv-valve\/","title":{"rendered":"QCV Valve"},"content":{"rendered":"<h3 style=\"text-align: justify;\"><strong>Van l\u1ea5y n\u01b0\u1edbc nhanh QCV<\/strong><\/h3>\n<p style=\"text-align: justify;\">Van l\u1ea5y n\u01b0\u1edbc nhanh QCV l\u00e0 m\u1ed9t s\u1ea3n ph\u1ea9m mang t\u00ednh s\u00e1ng t\u1ea1o c\u1ee7a h\u00e3ng Hunter, \u0111\u01b0\u1ee3c thi\u1ebft k\u1ebf d\u00e0nh ri\u00eang cho nh\u1eefng d\u1ef1 \u00e1n y\u00eau c\u1ea7u kh\u1ea3 n\u0103ng l\u1ea5y n\u01b0\u1edbc nhanh d\u00f9 \u0111ang trong qu\u00e1 tr\u00ecnh b\u1ea3o tr\u00ec. Van l\u1ea5y n\u01b0\u1edbc nhanh QCV \u0111\u01b0\u1ee3c thi\u1ebft k\u1ebf \u0111\u1ec3 c\u00f3 th\u1ec3 v\u1eadn h\u00e0nh li\u00ean t\u1ee5c m\u1ed7i ng\u00e0y qua nhi\u1ec1u n\u0103m v\u1edbi \u0111\u1ed9 tin c\u1eady cao nh\u1ea5t. V\u1edbi c\u1ea5u t\u1ea1o b\u1eb1ng \u0111\u1ed3ng thau v\u00e0 th\u00e9p kh\u00f4ng r\u1ec9, Van l\u1ea5y n\u01b0\u1edbc nhanh QCV c\u00f2n \u0111\u01b0\u1ee3c trang b\u1ecb n\u1eafp b\u1ea3o v\u1ec7 d\u1ea1ng c\u00f3 kh\u00f3a ho\u1eb7c kh\u00f4ng kh\u00f3a TuffTop\u2122. Model \u0111\u1ed9c nh\u1ea5t WingThing\u2122&nbsp;gi\u00fap van \u0111\u01b0\u1ee3c c\u1ed1 \u0111\u1ecbnh, ch\u1ed1ng xoay chuy\u1ec3n, ch\u1ed1ng ph\u00e1 ho\u1ea1i v\u00e0 gi\u00fap ho\u1ea1t \u0111\u1ed9ng b\u1ec1n b\u1ec9 h\u01a1n. \u0110\u01b0\u1ee3c s\u1ea3n xu\u1ea5t v\u1edbi 2 model: 1 kh\u1ed1i li\u1ec1n ho\u1eb7c 2 kh\u1ed1i r\u1eddi. Model 2 kh\u1ed1i r\u1eddi gi\u00fap vi\u1ec7c b\u1ea3o tr\u00ec v\u1eabn ti\u1ebfn h\u00e0nh b\u00ecnh th\u01b0\u1eddng m\u00e0 kh\u00f4ng ph\u1ea3i x\u1ea3 \u00e1p l\u1ef1c c\u1ee7a to\u00e0n h\u1ec7 th\u1ed1ng. T\u1ea5t c\u1ea3 c\u00e1c model van l\u1ea5y n\u01b0\u1edbc nhanh QCV c\u00f3 kh\u00f3a cho n\u1eafp b\u1ea3o v\u1ec7 \u0111\u1ec1u mang m\u00e0u t\u00eda, m\u1ed9t \u0111\u1eb7c \u0111i\u1ec3m nh\u1eadn bi\u1ebft d\u00e0nh cho nh\u1eefng c\u00f4ng tr\u00ecnh s\u1eed d\u1ee5ng ngu\u1ed3n n\u01b0\u1edbc t\u00e1i t\u1ea1o.<\/p>\n<p style=\"text-align: justify;\"><strong>Th\u00f4ng s\u1ed1 k\u1ef9 thu\u1eadt<\/strong><\/p>\n<p style=\"text-align: justify;\">\u1ee8ng d\u1ee5ng: quy m\u00f4 th\u01b0\u01a1ng m\u1ea1i<br \/>\nK\u00edch th\u01b0\u1edbc: 20mm, 25mm inlet; BSP\/NPT<br \/>\nL\u01b0u l\u01b0\u1ee3ng: 1 \u2013 16 m3\/h<br \/>\nD\u1ea3i \u00e1p su\u1ea5t ch\u1ecbu \u0111\u1ef1ng: 0 &#8211; 10.5 bar<br \/>\nNhi\u1ec7t \u0111\u1ed9 ho\u1ea1t \u0111\u1ed9ng max: 65\u00b0C<\/p>\n<p style=\"text-align: justify;\"><strong>Th\u1eddi gian b\u1ea3o h\u00e0nh: 5 n\u0103m<\/strong><\/p>\n","protected":false},"excerpt":{"rendered":"<p>Size: 3\/4\u2033 and 1\u2033 Red brass construction<\/p>\n","protected":false},"featured_media":3481,"template":"","meta":[],"_links":{"self":[{"href":"https:\/\/tuoitudong.vn\/en\/wp-json\/wp\/v2\/product\/5665\/"}],"collection":[{"href":"https:\/\/tuoitudong.vn\/en\/wp-json\/wp\/v2\/product\/"}],"about":[{"href":"https:\/\/tuoitudong.vn\/en\/wp-json\/wp\/v2\/types\/product\/"}],"wp:featuredmedia":[{"embeddable":true,"href":"https:\/\/tuoitudong.vn\/en\/wp-json\/wp\/v2\/media\/3481\/"}],"wp:attachment":[{"href":"https:\/\/tuoitudong.vn\/en\/wp-json\/wp\/v2\/media\/?parent=5665"}],"curies":[{"name":"wp","href":"https:\/\/api.w.org\/{rel}","templated":true}]}}