{"id":5493,"date":"2016-09-22T14:23:21","date_gmt":"2016-09-22T07:23:21","guid":{"rendered":"https:\/\/tuoitudong.vn\/san-pham\/ch\u01b0a%20ph\u00e2n%20lo\u1ea1i\/dau-tuoi-ps-ultra-mp-rotator\/"},"modified":"2021-05-25T14:03:23","modified_gmt":"2021-05-25T07:03:23","slug":"dau-tuoi-ps-ultra-mp-rotator__trashed","status":"publish","type":"product","link":"https:\/\/tuoitudong.vn\/en\/product\/tuoi-canh-quan\/dau-tuoi-mp-rotator\/dau-tuoi-ps-ultra-mp-rotator__trashed\/","title":{"rendered":"\u0110\u1ea7u t\u01b0\u1edbi PS Ultra"},"content":{"rendered":"<h3><strong>\u0110\u1ea7u t\u01b0\u1edbi PS Ultra<\/strong><\/h3>\n<p style=\"text-align: justify;\">\u0110\u1ea7u t\u01b0\u1edbi PS Ultra \u2013 d\u00f2ng \u0111\u1ea7u t\u01b0\u1edbi ki\u1ec3u d\u00e1ng thon g\u1ecdn v\u1edbi \u0111\u1ea7y \u0111\u1ee7 t\u00ednh n\u0103ng cho m\u1ecdi y\u00eau c\u1ea7u l\u1eafp \u0111\u1eb7t<\/p>\n<p style=\"text-align: justify;\">\u0110\u01b0\u1ee3c s\u1ea3n xu\u1ea5t v\u1edbi c\u00e1c k\u00edch th\u01b0\u1edbc pop-up 2\u201d (PSU-02), 4\u201d (PSU-04), v\u00e0 6\u201d (PSU-06). Ph\u1ea7n th\u00e2n l\u00e0 s\u1ef1 k\u1ebft h\u1ee3p s\u00e1ng t\u1ea1o gi\u1eefa c\u00e1c b\u1ed9 ph\u1eadn b\u00e1nh r\u0103ng ho\u1ea1t \u0111\u1ed9ng \u0111\u00e1ng tin c\u1eady, n\u1eafp b\u1ea3o v\u1ec7 c\u1ef1c b\u1ec1n, tr\u1ee5c ren ngo\u00e0i, v\u00e0 t\u1ea5m l\u1ecdc l\u1edbn, ri\u00eang model 4\u201d (PSU-04), v\u00e0 6\u201d (PSU-06) s\u1eed d\u1ee5ng t\u1ea5m l\u1ecdc k\u00e9p. N\u00e2ng c\u1ea5p t\u1eeb d\u00f2ng PS Spray c\u0169, phi\u00ean b\u1ea3n \u0111\u1ea7u t\u01b0\u1edbi PS Ultra ti\u00eau chu\u1ea9n \u0111\u01b0\u1ee3c l\u1eafp s\u1eb5n m\u1ed9t bec t\u01b0\u1edbi ch\u1ec9nh g\u00f3c chuy\u00ean d\u1ee5ng. Phi\u00ean b\u1ea3n Flush Plug kh\u00f4ng c\u00f3 s\u1eb5n bec phun v\u00e0 t\u1ea5m l\u1ecdc. V\u1edbi r\u1ea5t nhi\u1ec1u bec phun \u0111\u1ec3 l\u1ef1a ch\u1ecdn, vi\u1ec7c t\u00ecm ra gi\u1ea3i ph\u00e1p t\u1ed1t nh\u1ea5t cho t\u1eebng thi\u1ebft k\u1ebf tr\u1edf n\u00ean \u0111\u01a1n gi\u1ea3n v\u00e0 d\u1ec5 d\u00e0ng.<\/p>\n<p><strong>T\u00ednh n\u0103ng<\/strong><\/p>\n<p>\u1ee8ng d\u1ee5ng: Nh\u00e0 ri\u00eang\/ Khu v\u1ef1c c\u00f4ng c\u1ed9ng<br \/>\nModel: d\u00f2ng t\u01b0\u1edbi c\u00e2y b\u1ee5i, d\u00f2ng pop-up 5cm, 10cm, 15cm<br \/>\nD\u1ea3i \u00e1p l\u1ef1c ch\u1ecbu \u0111\u1ef1ng: 1.0 &#8211; 4.8 bar<br \/>\nT\u01b0\u01a1ng th\u00edch v\u1edbi t\u1ea5t c\u1ea3 bec phun ren trong<br \/>\nPhi\u00ean b\u1ea3n NSI d\u00e0nh cho model 15cm v\u00e0 30cm<\/p>\n<p><strong>Th\u1eddi gian b\u1ea3o h\u00e0nh: 2 n\u0103m<\/strong><\/p>\n","protected":false},"excerpt":{"rendered":"<p>Pop-up: 5cm \u0111\u1ebfn 15cm<br \/>\nD\u1ea3i \u00e1p l\u1ef1c ch\u1ecbu \u0111\u1ef1ng: 1.0 &#8211; 4.8 bar<\/p>\n","protected":false},"featured_media":3400,"template":"","meta":[],"_links":{"self":[{"href":"https:\/\/tuoitudong.vn\/en\/wp-json\/wp\/v2\/product\/5493\/"}],"collection":[{"href":"https:\/\/tuoitudong.vn\/en\/wp-json\/wp\/v2\/product\/"}],"about":[{"href":"https:\/\/tuoitudong.vn\/en\/wp-json\/wp\/v2\/types\/product\/"}],"wp:featuredmedia":[{"embeddable":true,"href":"https:\/\/tuoitudong.vn\/en\/wp-json\/wp\/v2\/media\/3400\/"}],"wp:attachment":[{"href":"https:\/\/tuoitudong.vn\/en\/wp-json\/wp\/v2\/media\/?parent=5493"}],"curies":[{"name":"wp","href":"https:\/\/api.w.org\/{rel}","templated":true}]}}